{"id":21,"date":"2019-03-09T13:05:18","date_gmt":"2019-03-09T13:05:18","guid":{"rendered":"http:\/\/anjamainka.de\/?page_id=21"},"modified":"2019-03-12T19:39:18","modified_gmt":"2019-03-12T19:39:18","slug":"wedding-design","status":"publish","type":"page","link":"http:\/\/anjamainka.de\/?page_id=21","title":{"rendered":"Wedding Design"},"content":{"rendered":"\n<div class=\"wp-block-image\"><figure class=\"aligncenter\"><img decoding=\"async\" loading=\"lazy\" width=\"1024\" height=\"768\" src=\"http:\/\/anjamainka.de\/wp-content\/uploads\/2019\/03\/Logo_Wedding-Design-1024x768.jpg\" alt=\"\" class=\"wp-image-132\" srcset=\"http:\/\/anjamainka.de\/wp-content\/uploads\/2019\/03\/Logo_Wedding-Design-1024x768.jpg 1024w, http:\/\/anjamainka.de\/wp-content\/uploads\/2019\/03\/Logo_Wedding-Design-300x225.jpg 300w, http:\/\/anjamainka.de\/wp-content\/uploads\/2019\/03\/Logo_Wedding-Design-768x576.jpg 768w\" sizes=\"(max-width: 1024px) 100vw, 1024px\" \/><\/figure><\/div>\n\n\n\n<p>Am Tag der\nHochzeit zu Hause verw\u00f6hnt werden, sich um nichts k\u00fcmmern m\u00fcssen, sein Styling\nin professionelle H\u00e4nde abgeben k\u00f6nnen und in einer entspannten Atmosph\u00e4re den\nMorgen genie\u00dfen!?<\/p>\n\n\n\n<p style=\"color:#00a499\" class=\"has-text-color\"><a href=\"http:\/\/anjamainka.de\/?page_id=43\">Genau das suchen Sie?<\/a><\/p>\n\n\n\n<p>Dann\nmelden Sie sich bei mir! Ich arbeite vorab immer mit einem Probetermin, sodass\nich Ihre pers\u00f6nlichen W\u00fcnsche ganz nach Ihren Vorstellungen umsetzen kann, ganz\ngleich ob Sie eher der nat\u00fcrliche oder extravagante Typ sind. Wir finden\ngemeinsam den f\u00fcr Sie perfekten Look!<\/p>\n\n\n\n<p>Gerne\nstyle ich zus\u00e4tzlich auch Ihre Mama, Trauzeugin, Freundin und Familie.<\/p>\n\n\n\n<p>Seit 2007 begleite ich Br\u00e4ute an ihrem ganz speziellen Tag. F\u00fcr mich steht die Zufriedenheit der Kundin an erster Stelle.<\/p>\n\n\n\n<div class=\"wp-block-image\"><figure class=\"aligncenter is-resized\"><img decoding=\"async\" loading=\"lazy\" src=\"http:\/\/anjamainka.de\/wp-content\/uploads\/2019\/03\/Caro-Sch\u00f6ps-Anschnitt-5-Kopie-1-1024x714.jpg\" alt=\"\" class=\"wp-image-155\" width=\"489\" height=\"340\" srcset=\"http:\/\/anjamainka.de\/wp-content\/uploads\/2019\/03\/Caro-Sch\u00f6ps-Anschnitt-5-Kopie-1-1024x714.jpg 1024w, http:\/\/anjamainka.de\/wp-content\/uploads\/2019\/03\/Caro-Sch\u00f6ps-Anschnitt-5-Kopie-1-300x209.jpg 300w, http:\/\/anjamainka.de\/wp-content\/uploads\/2019\/03\/Caro-Sch\u00f6ps-Anschnitt-5-Kopie-1-768x536.jpg 768w\" sizes=\"(max-width: 489px) 100vw, 489px\" \/><\/figure><\/div>\n\n\n\n<p>Schreiben\nSie mir eine E-Mail. Gerne schicke ich Ihnen ganz unverbindlich meine Konditionen\nund wir vereinbaren einen Termin zum Kennenlernen.<\/p>\n\n\n\n<p>Ich freue\nmich darauf, diesen Tag f\u00fcr Sie unvergesslich zu machen.<\/p>\n\n\n\n<p>Ihre <\/p>\n\n\n\n<p>Anja Mainka <\/p>\n\n\n\n<p><\/p>\n\n\n\n<p><\/p>\n\n\n\n<ul class=\"is-layout-flex wp-block-gallery-1 wp-block-gallery aligncenter columns-2 is-cropped\"><li class=\"blocks-gallery-item\"><figure><img decoding=\"async\" loading=\"lazy\" width=\"1024\" height=\"683\" src=\"http:\/\/anjamainka.de\/wp-content\/uploads\/2019\/03\/045AA-Kopie-1024x683.jpg\" alt=\"\" data-id=\"162\" data-link=\"http:\/\/anjamainka.de\/?attachment_id=162\" class=\"wp-image-162\" srcset=\"http:\/\/anjamainka.de\/wp-content\/uploads\/2019\/03\/045AA-Kopie-1024x683.jpg 1024w, http:\/\/anjamainka.de\/wp-content\/uploads\/2019\/03\/045AA-Kopie-300x200.jpg 300w, http:\/\/anjamainka.de\/wp-content\/uploads\/2019\/03\/045AA-Kopie-768x512.jpg 768w\" sizes=\"(max-width: 1024px) 100vw, 1024px\" \/><\/figure><\/li><li class=\"blocks-gallery-item\"><figure><img decoding=\"async\" loading=\"lazy\" width=\"1024\" height=\"683\" src=\"http:\/\/anjamainka.de\/wp-content\/uploads\/2019\/03\/057AA-Kopie-1024x683.jpg\" alt=\"\" data-id=\"163\" data-link=\"http:\/\/anjamainka.de\/?attachment_id=163\" class=\"wp-image-163\" srcset=\"http:\/\/anjamainka.de\/wp-content\/uploads\/2019\/03\/057AA-Kopie-1024x683.jpg 1024w, http:\/\/anjamainka.de\/wp-content\/uploads\/2019\/03\/057AA-Kopie-300x200.jpg 300w, http:\/\/anjamainka.de\/wp-content\/uploads\/2019\/03\/057AA-Kopie-768x512.jpg 768w\" sizes=\"(max-width: 1024px) 100vw, 1024px\" \/><\/figure><\/li><li class=\"blocks-gallery-item\"><figure><img decoding=\"async\" loading=\"lazy\" width=\"1024\" height=\"683\" src=\"http:\/\/anjamainka.de\/wp-content\/uploads\/2019\/03\/195AA-Kopie-1024x683.jpg\" alt=\"\" data-id=\"164\" data-link=\"http:\/\/anjamainka.de\/?attachment_id=164\" class=\"wp-image-164\" srcset=\"http:\/\/anjamainka.de\/wp-content\/uploads\/2019\/03\/195AA-Kopie-1024x683.jpg 1024w, http:\/\/anjamainka.de\/wp-content\/uploads\/2019\/03\/195AA-Kopie-300x200.jpg 300w, http:\/\/anjamainka.de\/wp-content\/uploads\/2019\/03\/195AA-Kopie-768x512.jpg 768w\" sizes=\"(max-width: 1024px) 100vw, 1024px\" \/><\/figure><\/li><li class=\"blocks-gallery-item\"><figure><img decoding=\"async\" loading=\"lazy\" width=\"1024\" height=\"683\" src=\"http:\/\/anjamainka.de\/wp-content\/uploads\/2019\/03\/257AA-Kopie-1024x683.jpg\" alt=\"\" data-id=\"165\" data-link=\"http:\/\/anjamainka.de\/?attachment_id=165\" class=\"wp-image-165\" srcset=\"http:\/\/anjamainka.de\/wp-content\/uploads\/2019\/03\/257AA-Kopie-1024x683.jpg 1024w, http:\/\/anjamainka.de\/wp-content\/uploads\/2019\/03\/257AA-Kopie-300x200.jpg 300w, http:\/\/anjamainka.de\/wp-content\/uploads\/2019\/03\/257AA-Kopie-768x512.jpg 768w\" sizes=\"(max-width: 1024px) 100vw, 1024px\" \/><\/figure><\/li><li class=\"blocks-gallery-item\"><figure><img decoding=\"async\" loading=\"lazy\" width=\"576\" height=\"1024\" src=\"http:\/\/anjamainka.de\/wp-content\/uploads\/2019\/03\/2015-06-19-17.22.09-Kopie-1-576x1024.jpg\" alt=\"\" data-id=\"166\" data-link=\"http:\/\/anjamainka.de\/?attachment_id=166\" class=\"wp-image-166\" srcset=\"http:\/\/anjamainka.de\/wp-content\/uploads\/2019\/03\/2015-06-19-17.22.09-Kopie-1-576x1024.jpg 576w, http:\/\/anjamainka.de\/wp-content\/uploads\/2019\/03\/2015-06-19-17.22.09-Kopie-1-169x300.jpg 169w, http:\/\/anjamainka.de\/wp-content\/uploads\/2019\/03\/2015-06-19-17.22.09-Kopie-1-768x1365.jpg 768w, http:\/\/anjamainka.de\/wp-content\/uploads\/2019\/03\/2015-06-19-17.22.09-Kopie-1.jpg 1836w\" sizes=\"(max-width: 576px) 100vw, 576px\" \/><\/figure><\/li><li class=\"blocks-gallery-item\"><figure><img decoding=\"async\" loading=\"lazy\" width=\"621\" height=\"1024\" src=\"http:\/\/anjamainka.de\/wp-content\/uploads\/2019\/03\/Anna-Geisel-2-Kopie-2-621x1024.jpg\" alt=\"\" data-id=\"167\" data-link=\"http:\/\/anjamainka.de\/?attachment_id=167\" class=\"wp-image-167\" srcset=\"http:\/\/anjamainka.de\/wp-content\/uploads\/2019\/03\/Anna-Geisel-2-Kopie-2-621x1024.jpg 621w, http:\/\/anjamainka.de\/wp-content\/uploads\/2019\/03\/Anna-Geisel-2-Kopie-2-182x300.jpg 182w, http:\/\/anjamainka.de\/wp-content\/uploads\/2019\/03\/Anna-Geisel-2-Kopie-2.jpg 718w\" sizes=\"(max-width: 621px) 100vw, 621px\" \/><\/figure><\/li><li class=\"blocks-gallery-item\"><figure><img decoding=\"async\" loading=\"lazy\" width=\"683\" height=\"1024\" src=\"http:\/\/anjamainka.de\/wp-content\/uploads\/2019\/03\/hochzeit2-Kopie-4-683x1024.jpg\" alt=\"\" data-id=\"168\" data-link=\"http:\/\/anjamainka.de\/?attachment_id=168\" class=\"wp-image-168\" srcset=\"http:\/\/anjamainka.de\/wp-content\/uploads\/2019\/03\/hochzeit2-Kopie-4-683x1024.jpg 683w, http:\/\/anjamainka.de\/wp-content\/uploads\/2019\/03\/hochzeit2-Kopie-4-200x300.jpg 200w, http:\/\/anjamainka.de\/wp-content\/uploads\/2019\/03\/hochzeit2-Kopie-4-768x1152.jpg 768w\" sizes=\"(max-width: 683px) 100vw, 683px\" \/><\/figure><\/li><li class=\"blocks-gallery-item\"><figure><img decoding=\"async\" loading=\"lazy\" width=\"683\" height=\"1024\" src=\"http:\/\/anjamainka.de\/wp-content\/uploads\/2019\/03\/IMG_1722-Kopie-2-683x1024.jpg\" alt=\"\" data-id=\"169\" data-link=\"http:\/\/anjamainka.de\/?attachment_id=169\" class=\"wp-image-169\" srcset=\"http:\/\/anjamainka.de\/wp-content\/uploads\/2019\/03\/IMG_1722-Kopie-2-683x1024.jpg 683w, http:\/\/anjamainka.de\/wp-content\/uploads\/2019\/03\/IMG_1722-Kopie-2-200x300.jpg 200w, http:\/\/anjamainka.de\/wp-content\/uploads\/2019\/03\/IMG_1722-Kopie-2-768x1152.jpg 768w\" sizes=\"(max-width: 683px) 100vw, 683px\" \/><\/figure><\/li><li class=\"blocks-gallery-item\"><figure><img decoding=\"async\" loading=\"lazy\" width=\"820\" height=\"659\" src=\"http:\/\/anjamainka.de\/wp-content\/uploads\/2019\/03\/Marcella-Schulz-6-Kopie-2.jpg\" alt=\"\" data-id=\"170\" data-link=\"http:\/\/anjamainka.de\/?attachment_id=170\" class=\"wp-image-170\" srcset=\"http:\/\/anjamainka.de\/wp-content\/uploads\/2019\/03\/Marcella-Schulz-6-Kopie-2.jpg 820w, http:\/\/anjamainka.de\/wp-content\/uploads\/2019\/03\/Marcella-Schulz-6-Kopie-2-300x241.jpg 300w, http:\/\/anjamainka.de\/wp-content\/uploads\/2019\/03\/Marcella-Schulz-6-Kopie-2-768x617.jpg 768w\" sizes=\"(max-width: 820px) 100vw, 820px\" \/><\/figure><\/li><\/ul>\n","protected":false},"excerpt":{"rendered":"<p>Am Tag der Hochzeit zu Hause verw\u00f6hnt werden, sich um nichts k\u00fcmmern m\u00fcssen, sein Styling in professionelle H\u00e4nde abgeben k\u00f6nnen und in einer entspannten Atmosph\u00e4re den Morgen genie\u00dfen!? Genau das suchen Sie? Dann melden Sie sich bei mir! Ich arbeite vorab immer mit einem Probetermin, sodass ich Ihre pers\u00f6nlichen W\u00fcnsche ganz nach Ihren Vorstellungen umsetzen [&hellip;]<\/p>\n","protected":false},"author":1,"featured_media":0,"parent":0,"menu_order":0,"comment_status":"closed","ping_status":"closed","template":"","meta":[],"_links":{"self":[{"href":"http:\/\/anjamainka.de\/index.php?rest_route=\/wp\/v2\/pages\/21"}],"collection":[{"href":"http:\/\/anjamainka.de\/index.php?rest_route=\/wp\/v2\/pages"}],"about":[{"href":"http:\/\/anjamainka.de\/index.php?rest_route=\/wp\/v2\/types\/page"}],"author":[{"embeddable":true,"href":"http:\/\/anjamainka.de\/index.php?rest_route=\/wp\/v2\/users\/1"}],"replies":[{"embeddable":true,"href":"http:\/\/anjamainka.de\/index.php?rest_route=%2Fwp%2Fv2%2Fcomments&post=21"}],"version-history":[{"count":12,"href":"http:\/\/anjamainka.de\/index.php?rest_route=\/wp\/v2\/pages\/21\/revisions"}],"predecessor-version":[{"id":178,"href":"http:\/\/anjamainka.de\/index.php?rest_route=\/wp\/v2\/pages\/21\/revisions\/178"}],"wp:attachment":[{"href":"http:\/\/anjamainka.de\/index.php?rest_route=%2Fwp%2Fv2%2Fmedia&parent=21"}],"curies":[{"name":"wp","href":"https:\/\/api.w.org\/{rel}","templated":true}]}}